{"id":1043,"date":"2025-01-31T16:00:17","date_gmt":"2025-01-31T15:00:17","guid":{"rendered":"https:\/\/www.terpenae.com\/produit\/__trashed-3\/"},"modified":"2025-02-17T14:54:46","modified_gmt":"2025-02-17T13:54:46","slug":"cbdp-destillat","status":"publish","type":"product","link":"https:\/\/www.terpenae.com\/de\/produit\/cbdp-destillat\/","title":{"rendered":"CBDP-Destillat"},"content":{"rendered":"<h4 data-pm-slice=\"1 1 []\"><strong>CBDP: Eine Revolution unter den Cannabinoiden<\/strong><\/h4>\n<p>CBDP (Cannabidiphorol) ist ein k\u00fcrzlich identifiziertes, seltenes Cannabinoid, das f\u00fcr sein einzigartiges Potenzial in der Cannabisindustrie anerkannt wird. Mit einer chemischen Struktur \u00e4hnlich der von CBD bietet es vergleichbare Eigenschaften, w\u00e4hrend es eindeutige Vorteile aufweist, die die Aufmerksamkeit von Forschern und Herstellern auf sich ziehen. Dieses hochwertige Destillat ist f\u00fcr H\u00e4ndler und Hersteller konzipiert, die innovative und leistungsstarke Produkte entwickeln m\u00f6chten.<\/p>\n<h4><strong>Die einzigartigen Eigenschaften von CBDP<\/strong><\/h4>\n<p>CBDP steht weiterhin im Fokus wissenschaftlicher Studien, aber erste Ergebnisse zeigen vielversprechende Wirkungen. Hier sind einige wesentliche Punkte:<\/p>\n<ul data-spread=\"false\">\n<li><strong>Beruhigend<\/strong>: CBDP k\u00f6nnte helfen, Stressgef\u00fchle zu lindern und eine nat\u00fcrliche Entspannung zu f\u00f6rdern.<\/li>\n<li><strong>Entz\u00fcndungshemmend<\/strong>: Einige erste Studien deuten auf entz\u00fcndungshemmende Eigenschaften hin, die f\u00fcr verschiedene therapeutische Anwendungen geeignet sind.<\/li>\n<li><strong>Entourage-Effekt<\/strong>: In Kombination mit anderen Cannabinoiden kann CBDP deren Gesamtnutzen verst\u00e4rken.<\/li>\n<\/ul>\n<h4><strong>Anwendungen von CBDP-Destillat<\/strong><\/h4>\n<ol start=\"1\" data-spread=\"false\">\n<li><strong>Sublinguale \u00d6le<\/strong>: Zugesetzt zu \u00d6lformulierungen bereichert CBDP Produkte mit subtilen, aber effektiven Ergebnissen.<\/li>\n<li><strong>Dampfprodukte<\/strong>: Aufgrund seiner Reinheit und Stabilit\u00e4t ist es ideal f\u00fcr E-Liquids in Premiumqualit\u00e4t.<\/li>\n<li><strong>Nahrungserg\u00e4nzungsmittel<\/strong>: Verwendet in Kapseln oder Gummis, bietet es praktische L\u00f6sungen f\u00fcr Verbraucher.<\/li>\n<li><strong>Kosmetika<\/strong>: In Cremes und Seren integriert, f\u00f6rdert es beruhigende Vorteile f\u00fcr die Haut.<\/li>\n<\/ol>\n<h4><strong>Wissenschaftliche Studien zur Validierung seines Potenzials<\/strong><\/h4>\n<p>Die Forschung zu CBDP steckt noch in den Anf\u00e4ngen, aber mehrere Studien unterstreichen sein Potenzial. Zum Beispiel:<\/p>\n<ul data-spread=\"false\">\n<li>Eine auf <a href=\"https:\/\/pubmed.ncbi.nlm.nih.gov\">PubMed<\/a> ver\u00f6ffentlichte Studie untersuchte seine entz\u00fcndungshemmenden Eigenschaften und schlug Anwendungen zur Behandlung chronischer Entz\u00fcndungen vor.<\/li>\n<li>Ein Artikel von <a href=\"https:\/\/www.sciencedirect.com\">ScienceDirect<\/a> untersuchte die Wechselwirkungen von CBDP mit dem Endocannabinoid-System und zeigte sein Potenzial, die Wirkungen anderer Cannabinoide zu verst\u00e4rken.<\/li>\n<\/ul>\n<h4><strong>Wichtiger Hinweis<\/strong><\/h4>\n<ul data-spread=\"false\">\n<li>Der Kauf und die Verwendung dieser Produkte sind strikt auf Personen ab 18 Jahren beschr\u00e4nkt.<\/li>\n<li>Vermeiden Sie das Fahren oder Bedienen von Maschinen nach dem Verzehr.<\/li>\n<li>Dieses Produkt ist f\u00fcr schwangere oder stillende Frauen verboten.<\/li>\n<li>Wenn Sie an Atemwegs-, Herzproblemen oder anderen medizinischen Zust\u00e4nden leiden, ist eine \u00e4rztliche Beratung vor der Verwendung dieser Produkte unerl\u00e4sslich.<\/li>\n<li>Diese Produkte sind nicht dazu bestimmt, Krankheiten zu diagnostizieren, zu behandeln, zu heilen oder zu verhindern.<\/li>\n<li>Die Informationen auf dieser Website stellen keine medizinische Beratung dar.<\/li>\n<\/ul>\n<h4><strong>Warum das CBDP-Destillat von Terpenae w\u00e4hlen?<\/strong><\/h4>\n<ul data-spread=\"false\">\n<li><strong>Premium-Qualit\u00e4t<\/strong>: Fortschrittliche Extraktion und strenge Tests zur Sicherstellung der Reinheit.<\/li>\n<li><strong>Vollst\u00e4ndige R\u00fcckverfolgbarkeit<\/strong>: F\u00fcr jede Charge werden Analysezertifikate (COA) bereitgestellt.<\/li>\n<li><strong>Vielseitigkeit<\/strong>: Ideal f\u00fcr eine Vielzahl von industriellen und kommerziellen Anwendungen.<\/li>\n<li><strong>Anerkannte Expertise<\/strong>: Terpenae zeichnet sich als vertrauensw\u00fcrdiger Marktf\u00fchrer im Cannabinoid-Sektor aus.<\/li>\n<\/ul>\n<h4><strong>Schlussfolgerung<\/strong><\/h4>\n<p>CBDP-Destillat ist ein innovativer Rohstoff, der neue M\u00f6glichkeiten f\u00fcr H\u00e4ndler und Hersteller er\u00f6ffnet. Mit seinen einzigartigen Eigenschaften, au\u00dfergew\u00f6hnlicher Qualit\u00e4t und dem durch wissenschaftliche Studien nachgewiesenen Potenzial stellt es eine strategische Option zur Entwicklung differenzierter und leistungsstarker Produkte dar.<\/p>\n","protected":false},"excerpt":{"rendered":"<p dir=\"auto\">Das CBDP (Cannabidiphorol)-Destillat ist eine innovative Entwicklung im Bereich der Cannabinoide, die f\u00fcr Fachleute im Sektor bestimmt ist, die neuartige und hochwertige Produkte anbieten m\u00f6chten. CBDP ist ein seltener und vielversprechender Cannabinoid, eine j\u00fcngere Entdeckung in der wissenschaftlichen Forschung, der strukturelle \u00c4hnlichkeiten mit CBD aufweist und gleichzeitig einzigartige Eigenschaften bietet.<\/p>\n<p dir=\"auto\">Dieses Destillat zeichnet sich durch seine au\u00dfergew\u00f6hnliche Reinheit aus, die aus strengen Extraktions- und Destillationsprozessen resultiert. Es eignet sich ideal f\u00fcr verschiedene Anwendungen wie \u00d6le, Dampfprodukte, Nahrungserg\u00e4nzungsmittel oder Kosmetika und l\u00e4sst sich nahtlos in ma\u00dfgeschneiderte Formulierungen integrieren.<\/p>\n<p dir=\"auto\">Aufgrund seiner potenziellen beruhigenden und entz\u00fcndungshemmenden Wirkungen k\u00f6nnte CBDP eine interessante Alternative f\u00fcr Produkte sein, die das allgemeine Wohlbefinden f\u00f6rdern, und gleichzeitig den Entourage-Effekt mit anderen Cannabinoiden verst\u00e4rken. Terpenae verpflichtet sich, ein Destillat von optimaler Qualit\u00e4t bereitzustellen, begleitet von Analysezertifikaten, die seine Reinheit und Konformit\u00e4t best\u00e4tigen.<\/p>\n","protected":false},"featured_media":594,"template":"","meta":[],"product_brand":[],"product_cat":[60],"product_tag":[],"class_list":{"0":"post-1043","1":"product","2":"type-product","3":"status-publish","4":"has-post-thumbnail","6":"product_cat-uncategorized-de","8":"first","9":"instock","10":"sale","11":"taxable","12":"shipping-taxable","13":"purchasable","14":"product-type-simple"},"yoast_head":"<!-- This site is optimized with the Yoast SEO plugin v27.3 - https:\/\/yoast.com\/product\/yoast-seo-wordpress\/ -->\n<title>CBDP-Destillat - Terpenae<\/title>\n<meta name=\"robots\" content=\"index, follow, max-snippet:-1, max-image-preview:large, max-video-preview:-1\" \/>\n<link rel=\"canonical\" href=\"https:\/\/www.terpenae.com\/de\/produit\/cbdp-destillat\/\" \/>\n<meta property=\"og:locale\" content=\"de_DE\" \/>\n<meta property=\"og:type\" content=\"article\" \/>\n<meta property=\"og:title\" content=\"CBDP-Destillat - Terpenae\" \/>\n<meta property=\"og:description\" content=\"Das CBDP (Cannabidiphorol)-Destillat ist eine innovative Entwicklung im Bereich der Cannabinoide, die f\u00fcr Fachleute im Sektor bestimmt ist, die neuartige und hochwertige Produkte anbieten m\u00f6chten. CBDP ist ein seltener und vielversprechender Cannabinoid, eine j\u00fcngere Entdeckung in der wissenschaftlichen Forschung, der strukturelle \u00c4hnlichkeiten mit CBD aufweist und gleichzeitig einzigartige Eigenschaften bietet. Dieses Destillat zeichnet sich durch seine au\u00dfergew\u00f6hnliche Reinheit aus, die aus strengen Extraktions- und Destillationsprozessen resultiert. Es eignet sich ideal f\u00fcr verschiedene Anwendungen wie \u00d6le, Dampfprodukte, Nahrungserg\u00e4nzungsmittel oder Kosmetika und l\u00e4sst sich nahtlos in ma\u00dfgeschneiderte Formulierungen integrieren. Aufgrund seiner potenziellen beruhigenden und entz\u00fcndungshemmenden Wirkungen k\u00f6nnte CBDP eine interessante Alternative f\u00fcr Produkte sein, die das allgemeine Wohlbefinden f\u00f6rdern, und gleichzeitig den Entourage-Effekt mit anderen Cannabinoiden verst\u00e4rken. Terpenae verpflichtet sich, ein Destillat von optimaler Qualit\u00e4t bereitzustellen, begleitet von Analysezertifikaten, die seine Reinheit und Konformit\u00e4t best\u00e4tigen.\" \/>\n<meta property=\"og:url\" content=\"https:\/\/www.terpenae.com\/de\/produit\/cbdp-destillat\/\" \/>\n<meta property=\"og:site_name\" content=\"Terpenae\" \/>\n<meta property=\"article:modified_time\" content=\"2025-02-17T13:54:46+00:00\" \/>\n<meta property=\"og:image\" content=\"https:\/\/www.terpenae.com\/wp-content\/uploads\/2023\/09\/3259600.jpg\" \/>\n\t<meta property=\"og:image:width\" content=\"1600\" \/>\n\t<meta property=\"og:image:height\" content=\"1067\" \/>\n\t<meta property=\"og:image:type\" content=\"image\/jpeg\" \/>\n<meta name=\"twitter:card\" content=\"summary_large_image\" \/>\n<meta name=\"twitter:label1\" content=\"Gesch\u00e4tzte Lesezeit\" \/>\n\t<meta name=\"twitter:data1\" content=\"3\u00a0Minuten\" \/>\n<script type=\"application\/ld+json\" class=\"yoast-schema-graph\">{\"@context\":\"https:\\\/\\\/schema.org\",\"@graph\":[{\"@type\":\"WebPage\",\"@id\":\"https:\\\/\\\/www.terpenae.com\\\/de\\\/produit\\\/cbdp-destillat\\\/\",\"url\":\"https:\\\/\\\/www.terpenae.com\\\/de\\\/produit\\\/cbdp-destillat\\\/\",\"name\":\"CBDP-Destillat - Terpenae\",\"isPartOf\":{\"@id\":\"https:\\\/\\\/www.terpenae.com\\\/de\\\/#website\"},\"primaryImageOfPage\":{\"@id\":\"https:\\\/\\\/www.terpenae.com\\\/de\\\/produit\\\/cbdp-destillat\\\/#primaryimage\"},\"image\":{\"@id\":\"https:\\\/\\\/www.terpenae.com\\\/de\\\/produit\\\/cbdp-destillat\\\/#primaryimage\"},\"thumbnailUrl\":\"https:\\\/\\\/www.terpenae.com\\\/wp-content\\\/uploads\\\/2023\\\/09\\\/3259600.jpg\",\"datePublished\":\"2025-01-31T15:00:17+00:00\",\"dateModified\":\"2025-02-17T13:54:46+00:00\",\"breadcrumb\":{\"@id\":\"https:\\\/\\\/www.terpenae.com\\\/de\\\/produit\\\/cbdp-destillat\\\/#breadcrumb\"},\"inLanguage\":\"de\",\"potentialAction\":[{\"@type\":\"ReadAction\",\"target\":[\"https:\\\/\\\/www.terpenae.com\\\/de\\\/produit\\\/cbdp-destillat\\\/\"]}]},{\"@type\":\"ImageObject\",\"inLanguage\":\"de\",\"@id\":\"https:\\\/\\\/www.terpenae.com\\\/de\\\/produit\\\/cbdp-destillat\\\/#primaryimage\",\"url\":\"https:\\\/\\\/www.terpenae.com\\\/wp-content\\\/uploads\\\/2023\\\/09\\\/3259600.jpg\",\"contentUrl\":\"https:\\\/\\\/www.terpenae.com\\\/wp-content\\\/uploads\\\/2023\\\/09\\\/3259600.jpg\",\"width\":1600,\"height\":1067},{\"@type\":\"BreadcrumbList\",\"@id\":\"https:\\\/\\\/www.terpenae.com\\\/de\\\/produit\\\/cbdp-destillat\\\/#breadcrumb\",\"itemListElement\":[{\"@type\":\"ListItem\",\"position\":1,\"name\":\"Accueil\",\"item\":\"https:\\\/\\\/www.terpenae.com\\\/de\\\/home-terpenae-terpenes\\\/\"},{\"@type\":\"ListItem\",\"position\":2,\"name\":\"Shop\",\"item\":\"https:\\\/\\\/www.terpenae.com\\\/de\\\/shop\\\/\"},{\"@type\":\"ListItem\",\"position\":3,\"name\":\"CBDP-Destillat\"}]},{\"@type\":\"WebSite\",\"@id\":\"https:\\\/\\\/www.terpenae.com\\\/de\\\/#website\",\"url\":\"https:\\\/\\\/www.terpenae.com\\\/de\\\/\",\"name\":\"Terpenae\",\"description\":\"Awaken your senses\",\"publisher\":{\"@id\":\"https:\\\/\\\/www.terpenae.com\\\/de\\\/#organization\"},\"potentialAction\":[{\"@type\":\"SearchAction\",\"target\":{\"@type\":\"EntryPoint\",\"urlTemplate\":\"https:\\\/\\\/www.terpenae.com\\\/de\\\/?s={search_term_string}\"},\"query-input\":{\"@type\":\"PropertyValueSpecification\",\"valueRequired\":true,\"valueName\":\"search_term_string\"}}],\"inLanguage\":\"de\"},{\"@type\":\"Organization\",\"@id\":\"https:\\\/\\\/www.terpenae.com\\\/de\\\/#organization\",\"name\":\"Terpenae\",\"url\":\"https:\\\/\\\/www.terpenae.com\\\/de\\\/\",\"logo\":{\"@type\":\"ImageObject\",\"inLanguage\":\"de\",\"@id\":\"https:\\\/\\\/www.terpenae.com\\\/de\\\/#\\\/schema\\\/logo\\\/image\\\/\",\"url\":\"https:\\\/\\\/www.terpenae.com\\\/wp-content\\\/uploads\\\/2023\\\/09\\\/Color-logo-with-background.svg\",\"contentUrl\":\"https:\\\/\\\/www.terpenae.com\\\/wp-content\\\/uploads\\\/2023\\\/09\\\/Color-logo-with-background.svg\",\"width\":1,\"height\":1,\"caption\":\"Terpenae\"},\"image\":{\"@id\":\"https:\\\/\\\/www.terpenae.com\\\/de\\\/#\\\/schema\\\/logo\\\/image\\\/\"}}]}<\/script>\n<!-- \/ Yoast SEO plugin. -->","yoast_head_json":{"title":"CBDP-Destillat - Terpenae","robots":{"index":"index","follow":"follow","max-snippet":"max-snippet:-1","max-image-preview":"max-image-preview:large","max-video-preview":"max-video-preview:-1"},"canonical":"https:\/\/www.terpenae.com\/de\/produit\/cbdp-destillat\/","og_locale":"de_DE","og_type":"article","og_title":"CBDP-Destillat - Terpenae","og_description":"Das CBDP (Cannabidiphorol)-Destillat ist eine innovative Entwicklung im Bereich der Cannabinoide, die f\u00fcr Fachleute im Sektor bestimmt ist, die neuartige und hochwertige Produkte anbieten m\u00f6chten. CBDP ist ein seltener und vielversprechender Cannabinoid, eine j\u00fcngere Entdeckung in der wissenschaftlichen Forschung, der strukturelle \u00c4hnlichkeiten mit CBD aufweist und gleichzeitig einzigartige Eigenschaften bietet. Dieses Destillat zeichnet sich durch seine au\u00dfergew\u00f6hnliche Reinheit aus, die aus strengen Extraktions- und Destillationsprozessen resultiert. Es eignet sich ideal f\u00fcr verschiedene Anwendungen wie \u00d6le, Dampfprodukte, Nahrungserg\u00e4nzungsmittel oder Kosmetika und l\u00e4sst sich nahtlos in ma\u00dfgeschneiderte Formulierungen integrieren. Aufgrund seiner potenziellen beruhigenden und entz\u00fcndungshemmenden Wirkungen k\u00f6nnte CBDP eine interessante Alternative f\u00fcr Produkte sein, die das allgemeine Wohlbefinden f\u00f6rdern, und gleichzeitig den Entourage-Effekt mit anderen Cannabinoiden verst\u00e4rken. Terpenae verpflichtet sich, ein Destillat von optimaler Qualit\u00e4t bereitzustellen, begleitet von Analysezertifikaten, die seine Reinheit und Konformit\u00e4t best\u00e4tigen.","og_url":"https:\/\/www.terpenae.com\/de\/produit\/cbdp-destillat\/","og_site_name":"Terpenae","article_modified_time":"2025-02-17T13:54:46+00:00","og_image":[{"width":1600,"height":1067,"url":"https:\/\/www.terpenae.com\/wp-content\/uploads\/2023\/09\/3259600.jpg","type":"image\/jpeg"}],"twitter_card":"summary_large_image","twitter_misc":{"Gesch\u00e4tzte Lesezeit":"3\u00a0Minuten"},"schema":{"@context":"https:\/\/schema.org","@graph":[{"@type":"WebPage","@id":"https:\/\/www.terpenae.com\/de\/produit\/cbdp-destillat\/","url":"https:\/\/www.terpenae.com\/de\/produit\/cbdp-destillat\/","name":"CBDP-Destillat - Terpenae","isPartOf":{"@id":"https:\/\/www.terpenae.com\/de\/#website"},"primaryImageOfPage":{"@id":"https:\/\/www.terpenae.com\/de\/produit\/cbdp-destillat\/#primaryimage"},"image":{"@id":"https:\/\/www.terpenae.com\/de\/produit\/cbdp-destillat\/#primaryimage"},"thumbnailUrl":"https:\/\/www.terpenae.com\/wp-content\/uploads\/2023\/09\/3259600.jpg","datePublished":"2025-01-31T15:00:17+00:00","dateModified":"2025-02-17T13:54:46+00:00","breadcrumb":{"@id":"https:\/\/www.terpenae.com\/de\/produit\/cbdp-destillat\/#breadcrumb"},"inLanguage":"de","potentialAction":[{"@type":"ReadAction","target":["https:\/\/www.terpenae.com\/de\/produit\/cbdp-destillat\/"]}]},{"@type":"ImageObject","inLanguage":"de","@id":"https:\/\/www.terpenae.com\/de\/produit\/cbdp-destillat\/#primaryimage","url":"https:\/\/www.terpenae.com\/wp-content\/uploads\/2023\/09\/3259600.jpg","contentUrl":"https:\/\/www.terpenae.com\/wp-content\/uploads\/2023\/09\/3259600.jpg","width":1600,"height":1067},{"@type":"BreadcrumbList","@id":"https:\/\/www.terpenae.com\/de\/produit\/cbdp-destillat\/#breadcrumb","itemListElement":[{"@type":"ListItem","position":1,"name":"Accueil","item":"https:\/\/www.terpenae.com\/de\/home-terpenae-terpenes\/"},{"@type":"ListItem","position":2,"name":"Shop","item":"https:\/\/www.terpenae.com\/de\/shop\/"},{"@type":"ListItem","position":3,"name":"CBDP-Destillat"}]},{"@type":"WebSite","@id":"https:\/\/www.terpenae.com\/de\/#website","url":"https:\/\/www.terpenae.com\/de\/","name":"Terpenae","description":"Awaken your senses","publisher":{"@id":"https:\/\/www.terpenae.com\/de\/#organization"},"potentialAction":[{"@type":"SearchAction","target":{"@type":"EntryPoint","urlTemplate":"https:\/\/www.terpenae.com\/de\/?s={search_term_string}"},"query-input":{"@type":"PropertyValueSpecification","valueRequired":true,"valueName":"search_term_string"}}],"inLanguage":"de"},{"@type":"Organization","@id":"https:\/\/www.terpenae.com\/de\/#organization","name":"Terpenae","url":"https:\/\/www.terpenae.com\/de\/","logo":{"@type":"ImageObject","inLanguage":"de","@id":"https:\/\/www.terpenae.com\/de\/#\/schema\/logo\/image\/","url":"https:\/\/www.terpenae.com\/wp-content\/uploads\/2023\/09\/Color-logo-with-background.svg","contentUrl":"https:\/\/www.terpenae.com\/wp-content\/uploads\/2023\/09\/Color-logo-with-background.svg","width":1,"height":1,"caption":"Terpenae"},"image":{"@id":"https:\/\/www.terpenae.com\/de\/#\/schema\/logo\/image\/"}}]}},"_links":{"self":[{"href":"https:\/\/www.terpenae.com\/de\/wp-json\/wp\/v2\/product\/1043","targetHints":{"allow":["GET"]}}],"collection":[{"href":"https:\/\/www.terpenae.com\/de\/wp-json\/wp\/v2\/product"}],"about":[{"href":"https:\/\/www.terpenae.com\/de\/wp-json\/wp\/v2\/types\/product"}],"wp:featuredmedia":[{"embeddable":true,"href":"https:\/\/www.terpenae.com\/de\/wp-json\/wp\/v2\/media\/594"}],"wp:attachment":[{"href":"https:\/\/www.terpenae.com\/de\/wp-json\/wp\/v2\/media?parent=1043"}],"wp:term":[{"taxonomy":"product_brand","embeddable":true,"href":"https:\/\/www.terpenae.com\/de\/wp-json\/wp\/v2\/product_brand?post=1043"},{"taxonomy":"product_cat","embeddable":true,"href":"https:\/\/www.terpenae.com\/de\/wp-json\/wp\/v2\/product_cat?post=1043"},{"taxonomy":"product_tag","embeddable":true,"href":"https:\/\/www.terpenae.com\/de\/wp-json\/wp\/v2\/product_tag?post=1043"}],"curies":[{"name":"wp","href":"https:\/\/api.w.org\/{rel}","templated":true}]}}